{"id":179,"date":"2024-09-05T07:04:13","date_gmt":"2024-09-05T07:04:13","guid":{"rendered":"https:\/\/cirgastro.com\/?page_id=179"},"modified":"2024-10-15T02:00:55","modified_gmt":"2024-10-15T02:00:55","slug":"cirugia-laparoscopica-3","status":"publish","type":"page","link":"https:\/\/cirgastro.com\/index.php\/cirugia-laparoscopica-3\/","title":{"rendered":"Cirug\u00eda Laparosc\u00f3pica"},"content":{"rendered":"<p>[et_pb_section fb_built=\u00bb1&#8243; custom_padding_last_edited=\u00bbon|phone\u00bb _builder_version=\u00bb4.27.2&#8243; _module_preset=\u00bbdefault\u00bb background_color=\u00bb#f0f0f0&#8243; background_image=\u00bbhttps:\/\/cirgastro.com\/wp-content\/uploads\/2024\/09\/ENCABEZADO_HERNIAS.png\u00bb custom_margin_tablet=\u00bb\u00bb custom_margin_phone=\u00bb0px||||false|false\u00bb custom_margin_last_edited=\u00bbon|phone\u00bb custom_padding=\u00bb||0px|||\u00bb custom_padding_tablet=\u00bb\u00bb custom_padding_phone=\u00bb0px||0px||false|false\u00bb background_last_edited=\u00bbon|phone\u00bb background_size_phone=\u00bbcover\u00bb background_image_width_phone=\u00bb0%\u00bb background_position_phone=\u00bbbottom_center\u00bb global_colors_info=\u00bb{}\u00bb][et_pb_row column_structure=\u00bb1_4,1_4,1_4,1_4&#8243; custom_padding_last_edited=\u00bbon|phone\u00bb _builder_version=\u00bb4.27.2&#8243; _module_preset=\u00bbdefault\u00bb custom_margin=\u00bb85px|7px||5px||\u00bb custom_margin_tablet=\u00bb\u00bb custom_margin_phone=\u00bb0px|0px|-75px|0px|false|false\u00bb custom_margin_last_edited=\u00bbon|phone\u00bb custom_padding_tablet=\u00bb\u00bb custom_padding_phone=\u00bb55px|0px|0px|0px|false|false\u00bb global_colors_info=\u00bb{}\u00bb][et_pb_column type=\u00bb1_4&#8243; _builder_version=\u00bb4.27.0&#8243; _module_preset=\u00bbdefault\u00bb global_colors_info=\u00bb{}\u00bb][et_pb_icon font_icon=\u00bb&#x34;||divi||400&#8243; icon_color=\u00bb#FFFFFF\u00bb url=\u00bbhttps:\/\/cirgastro.com\/#cirugias\u00bb icon_width_tablet=\u00bb\u00bb icon_width_phone=\u00bb60px\u00bb icon_width_last_edited=\u00bbon|phone\u00bb align_tablet=\u00bb\u00bb align_phone=\u00bbleft\u00bb align_last_edited=\u00bbon|phone\u00bb _builder_version=\u00bb4.27.2&#8243; _module_preset=\u00bbdefault\u00bb custom_margin=\u00bb|||3px||\u00bb global_colors_info=\u00bb{}\u00bb][\/et_pb_icon][\/et_pb_column][et_pb_column type=\u00bb1_4&#8243; _builder_version=\u00bb4.27.0&#8243; _module_preset=\u00bbdefault\u00bb global_colors_info=\u00bb{}\u00bb][et_pb_image src=\u00bbhttps:\/\/cirgastro.com\/wp-content\/uploads\/2024\/09\/ICONO-CIRUGIA-LAPAROSCOPICA.png\u00bb title_text=\u00bbICONO CIRUGIA LAPAROSCOPICA\u00bb _builder_version=\u00bb4.27.2&#8243; _module_preset=\u00bbdefault\u00bb width=\u00bb60%\u00bb width_tablet=\u00bb\u00bb width_phone=\u00bb27%\u00bb width_last_edited=\u00bbon|phone\u00bb custom_margin=\u00bb|||-101px||\u00bb custom_margin_tablet=\u00bb\u00bb custom_margin_phone=\u00bb-120px|||60px|false|false\u00bb custom_margin_last_edited=\u00bbon|phone\u00bb custom_padding_tablet=\u00bb\u00bb custom_padding_phone=\u00bb22px|||0px|false|false\u00bb custom_padding_last_edited=\u00bbon|phone\u00bb global_colors_info=\u00bb{}\u00bb][\/et_pb_image][\/et_pb_column][et_pb_column type=\u00bb1_4&#8243; _builder_version=\u00bb4.27.0&#8243; _module_preset=\u00bbdefault\u00bb global_colors_info=\u00bb{}\u00bb][et_pb_heading title=\u00bbCirug\u00eda Laparosc\u00f3pica\u00bb _builder_version=\u00bb4.27.2&#8243; _module_preset=\u00bb31fd5b3e-195d-4e29-8008-d2c2aa8ac8a7&#8243; title_font=\u00bbMontserrat|700|||||||\u00bb title_text_align=\u00bbleft\u00bb title_text_color=\u00bb#FFFFFF\u00bb title_font_size=\u00bb60px\u00bb width=\u00bb252.3%\u00bb custom_margin=\u00bb0px|||-205px|false|false\u00bb custom_margin_tablet=\u00bb\u00bb custom_margin_phone=\u00bb-130px|0px||160px|false|false\u00bb custom_margin_last_edited=\u00bbon|phone\u00bb custom_padding=\u00bb|0px||||\u00bb custom_padding_tablet=\u00bb\u00bb custom_padding_phone=\u00bb0px|||0px|false|false\u00bb custom_padding_last_edited=\u00bbon|phone\u00bb hover_enabled=\u00bb0&#8243; title_font_size_phone=\u00bb26px\u00bb global_colors_info=\u00bb{}\u00bb sticky_enabled=\u00bb0&#8243;][\/et_pb_heading][\/et_pb_column][et_pb_column type=\u00bb1_4&#8243; _builder_version=\u00bb4.27.0&#8243; _module_preset=\u00bbdefault\u00bb global_colors_info=\u00bb{}\u00bb][\/et_pb_column][\/et_pb_row][\/et_pb_section][et_pb_section fb_built=\u00bb1&#8243; admin_label=\u00bbListings\u00bb _builder_version=\u00bb4.27.0&#8243; _module_preset=\u00bbdefault\u00bb custom_padding=\u00bb||50px|||\u00bb bottom_divider_height=\u00bb212px\u00bb bottom_divider_repeat=\u00bb1x\u00bb bottom_divider_flip=\u00bbhorizontal\u00bb global_colors_info=\u00bb{}\u00bb][et_pb_row column_structure=\u00bb1_2,1_2&#8243; _builder_version=\u00bb4.27.2&#8243; _module_preset=\u00bb7d168f0d-ea2c-4746-99bc-c692b308ccf4&#8243; custom_margin_tablet=\u00bb\u00bb custom_margin_phone=\u00bb-100px||||false|false\u00bb custom_margin_last_edited=\u00bbon|phone\u00bb custom_padding=\u00bb||0px|||\u00bb global_colors_info=\u00bb{}\u00bb][et_pb_column type=\u00bb1_2&#8243; _builder_version=\u00bb4.25.2&#8243; _module_preset=\u00bbdefault\u00bb global_colors_info=\u00bb{}\u00bb][et_pb_heading title=\u00bb\u00bfQu\u00e9 es la Cirug\u00eda Laparosc\u00f3pica?\u00bb _builder_version=\u00bb4.27.2&#8243; _module_preset=\u00bb31fd5b3e-195d-4e29-8008-d2c2aa8ac8a7&#8243; title_font=\u00bbMontserrat|700|||||||\u00bb title_text_align=\u00bbleft\u00bb title_text_color=\u00bb#1b4fa8&#8243; title_font_size=\u00bb55px\u00bb custom_margin=\u00bb75px||25px|||\u00bb title_font_size_phone=\u00bb34px\u00bb global_colors_info=\u00bb{}\u00bb][\/et_pb_heading][et_pb_divider color=\u00bb#5ac4c2&#8243; divider_weight=\u00bb6px\u00bb _builder_version=\u00bb4.27.0&#8243; _module_preset=\u00bbdefault\u00bb width=\u00bb20%\u00bb global_colors_info=\u00bb{}\u00bb][\/et_pb_divider][et_pb_text _builder_version=\u00bb4.27.2&#8243; _module_preset=\u00bbdefault\u00bb text_font=\u00bbArimo||||||||\u00bb text_font_size=\u00bb17px\u00bb text_orientation=\u00bbjustified\u00bb custom_margin=\u00bb-18px||12px|||\u00bb text_font_size_tablet=\u00bb17px\u00bb text_font_size_phone=\u00bb16px\u00bb text_font_size_last_edited=\u00bbon|phone\u00bb global_colors_info=\u00bb{}\u00bb]<\/p>\n<p>La<b><span>\u00a0<\/span>laparoscopia<\/b><span>\u00a0<\/span>es la alternativa m\u00ednimamente invasiva a la cirug\u00eda abierta convencional en la que se utiliza una peque\u00f1a c\u00e1mara llamada laparoscopio para ver dentro del abdomen.<\/p>\n<p>Se realiza a trav\u00e9s de peque\u00f1os orificios en la cavidad abdominal. Una m\u00ednima incisi\u00f3n, en un pliegue longitudinal del ombligo, permite la introducci\u00f3n del endoscopio con una micro-c\u00e1mara adosada, que ofrece en un monitor la visi\u00f3n panor\u00e1mica de \u00f3rganos de la cavidad abdominal.<\/p>\n<p>De esta forma, el laparoscopio transmite la imagen de los \u00f3rganos internos a un monitor, a trav\u00e9s del cual el cirujano puede guiarse para realizar diferentes procedimientos quir\u00fargicos. El laparoscopio magnifica la imagen varias veces respecto al tama\u00f1o real, permitiendo una mejor visi\u00f3n de los \u00f3rganos abdominales.<\/p>\n<p>No todos los pacientes son candidatos a la cirug\u00eda laparosc\u00f3pica. Cada persona presenta unas circunstancias \u00fanicas que tienen que ser consideradas individualmente.<\/p>\n<p>Algunas caracter\u00edsticas que pueden dificultar o contraindicar la cirug\u00eda laparosc\u00f3pica son: enfermedad pulmonar obstructiva cr\u00f3nica severa, cirug\u00edas previas, obesidad m\u00f3rbida, entre otras<\/p>\n<p>[\/et_pb_text][\/et_pb_column][et_pb_column type=\u00bb1_2&#8243; _builder_version=\u00bb4.25.2&#8243; _module_preset=\u00bbdefault\u00bb global_colors_info=\u00bb{}\u00bb][et_pb_image src=\u00bbhttps:\/\/cirgastro.com\/wp-content\/uploads\/2024\/09\/LAPAROSCOPIA_DR-CARLOS-URBINA.png\u00bb title_text=\u00bbLAPAROSCOPIA_DR CARLOS URBINA\u00bb _builder_version=\u00bb4.27.0&#8243; _module_preset=\u00bbdefault\u00bb custom_margin=\u00bb-22px|||||\u00bb custom_padding=\u00bb30px||0px|||\u00bb global_colors_info=\u00bb{}\u00bb][\/et_pb_image][et_pb_video src=\u00bbhttps:\/\/cirgastro.com\/wp-content\/uploads\/2024\/09\/WhatsApp-Video-2024-09-11-at-2.35.20-PM.mp4&#8243; _builder_version=\u00bb4.27.0&#8243; _module_preset=\u00bbdefault\u00bb global_colors_info=\u00bb{}\u00bb][\/et_pb_video][\/et_pb_column][\/et_pb_row][\/et_pb_section][et_pb_section fb_built=\u00bb1&#8243; prev_background_color=\u00bb#ffffff\u00bb admin_label=\u00bbListings\u00bb _builder_version=\u00bb4.27.0&#8243; _module_preset=\u00bbdefault\u00bb background_color=\u00bb#1b4fa8&#8243; background_image=\u00bbhttps:\/\/cirgastro.com\/wp-content\/uploads\/2024\/09\/fondo-pleca-contacto_.png\u00bb background_blend=\u00bboverlay\u00bb custom_padding=\u00bb45px||6px|||\u00bb top_divider_style=\u00bbtriangle\u00bb top_divider_height=\u00bb45px\u00bb top_divider_flip=\u00bbvertical\u00bb border_radii=\u00bboff||||\u00bb global_colors_info=\u00bb{}\u00bb][et_pb_row column_structure=\u00bb1_3,1_3,1_3&#8243; use_custom_gutter=\u00bbon\u00bb gutter_width=\u00bb2&#8243; custom_padding_last_edited=\u00bbon|phone\u00bb _builder_version=\u00bb4.27.2&#8243; _module_preset=\u00bb7d168f0d-ea2c-4746-99bc-c692b308ccf4&#8243; custom_margin=\u00bb14px|auto||auto||\u00bb custom_margin_tablet=\u00bb\u00bb custom_margin_phone=\u00bb50px||||false|false\u00bb custom_margin_last_edited=\u00bbon|phone\u00bb custom_padding=\u00bb10px|||||\u00bb custom_padding_tablet=\u00bb\u00bb custom_padding_phone=\u00bb\u00bb global_colors_info=\u00bb{}\u00bb][et_pb_column type=\u00bb1_3&#8243; _builder_version=\u00bb4.25.2&#8243; _module_preset=\u00bbdefault\u00bb global_colors_info=\u00bb{}\u00bb][et_pb_heading title=\u00bb\u00bfTienes dudas sobre tu padecimiento?\u00bb _builder_version=\u00bb4.27.2&#8243; _module_preset=\u00bbdefault\u00bb title_font=\u00bbMontserrat|700|||||||\u00bb title_text_color=\u00bb#FFFFFF\u00bb title_font_size=\u00bb50px\u00bb custom_margin=\u00bb6px|||||\u00bb title_text_align_tablet=\u00bb\u00bb title_text_align_phone=\u00bbcenter\u00bb title_text_align_last_edited=\u00bbon|phone\u00bb title_font_size_tablet=\u00bb\u00bb title_font_size_phone=\u00bb36px\u00bb title_font_size_last_edited=\u00bbon|phone\u00bb global_colors_info=\u00bb{}\u00bb][\/et_pb_heading][\/et_pb_column][et_pb_column type=\u00bb1_3&#8243; _builder_version=\u00bb4.25.2&#8243; _module_preset=\u00bbdefault\u00bb global_colors_info=\u00bb{}\u00bb][et_pb_divider show_divider=\u00bboff\u00bb _builder_version=\u00bb4.27.0&#8243; _module_preset=\u00bbdefault\u00bb custom_margin=\u00bb-9px|||||\u00bb global_colors_info=\u00bb{}\u00bb][\/et_pb_divider][et_pb_heading title=\u00bbAgenda tu Consulta.\u00bb _builder_version=\u00bb4.27.2&#8243; _module_preset=\u00bbdefault\u00bb title_font=\u00bbMontserrat|700|||||||\u00bb title_text_align=\u00bbcenter\u00bb title_text_color=\u00bb#5ac4c2&#8243; title_font_size=\u00bb48px\u00bb custom_margin=\u00bb-20px|||||\u00bb title_font_size_tablet=\u00bb\u00bb title_font_size_phone=\u00bb42px\u00bb title_font_size_last_edited=\u00bbon|phone\u00bb global_colors_info=\u00bb{}\u00bb][\/et_pb_heading][et_pb_text _builder_version=\u00bb4.27.2&#8243; _module_preset=\u00bbdefault\u00bb text_font=\u00bbArimo||||||||\u00bb text_text_color=\u00bb#FFFFFF\u00bb text_font_size=\u00bb15px\u00bb text_line_height=\u00bb1.2em\u00bb text_orientation=\u00bbcenter\u00bb custom_margin=\u00bb-18px||12px|||\u00bb custom_margin_tablet=\u00bb\u00bb custom_margin_phone=\u00bb-25px||||false|false\u00bb custom_margin_last_edited=\u00bbon|phone\u00bb custom_padding_tablet=\u00bb\u00bb custom_padding_phone=\u00bb\u00bb custom_padding_last_edited=\u00bbon|phone\u00bb text_font_size_tablet=\u00bb\u00bb text_font_size_phone=\u00bb17px\u00bb text_font_size_last_edited=\u00bbon|phone\u00bb global_colors_info=\u00bb{}\u00bb]<\/p>\n<p>Estamos afiliados a una red de hospitales en Canc\u00fan para garantizarte una atenci\u00f3n m\u00e9dica integral y opciones de presupuesto que se adapten a sus requerimientos.<\/p>\n<p>[\/et_pb_text][\/et_pb_column][et_pb_column type=\u00bb1_3&#8243; _builder_version=\u00bb4.25.2&#8243; _module_preset=\u00bbdefault\u00bb global_colors_info=\u00bb{}\u00bb][et_pb_image src=\u00bbhttps:\/\/cirgastro.com\/wp-content\/uploads\/2024\/09\/ICONO-WA_-1.png\u00bb title_text=\u00bbICONO WA_\u00bb url=\u00bbhttps:\/\/wa.me\/9984184332&#8243; url_new_window=\u00bbon\u00bb align_tablet=\u00bb\u00bb align_phone=\u00bbcenter\u00bb align_last_edited=\u00bbon|phone\u00bb _builder_version=\u00bb4.27.2&#8243; _module_preset=\u00bbdefault\u00bb width=\u00bb44%\u00bb width_tablet=\u00bb\u00bb width_phone=\u00bb35%\u00bb width_last_edited=\u00bbon|phone\u00bb custom_margin=\u00bb-1px|||23px||\u00bb custom_margin_tablet=\u00bb\u00bb custom_margin_phone=\u00bb0px|0px|0px|115px|false|false\u00bb custom_margin_last_edited=\u00bbon|phone\u00bb custom_padding_tablet=\u00bb\u00bb custom_padding_phone=\u00bb0px|0px|0px|0px|false|false\u00bb custom_padding_last_edited=\u00bbon|phone\u00bb animation_style=\u00bbbounce\u00bb animation_direction=\u00bbright\u00bb animation_duration=\u00bb1500ms\u00bb global_colors_info=\u00bb{}\u00bb][\/et_pb_image][\/et_pb_column][\/et_pb_row][et_pb_row _builder_version=\u00bb4.27.0&#8243; _module_preset=\u00bbdefault\u00bb custom_padding=\u00bb||10px|||\u00bb global_colors_info=\u00bb{}\u00bb][et_pb_column type=\u00bb4_4&#8243; _builder_version=\u00bb4.27.0&#8243; _module_preset=\u00bbdefault\u00bb global_colors_info=\u00bb{}\u00bb][et_pb_text _builder_version=\u00bb4.27.0&#8243; _module_preset=\u00bb4a46672a-b83f-4982-897f-2d8bed8af809&#8243; text_text_color=\u00bb#FFFFFF\u00bb text_orientation=\u00bbcenter\u00bb global_colors_info=\u00bb{}\u00bb]<\/p>\n<p>Copyright \u00a9 2024 CirGastro, Canc\u00fan \u00ae<\/p>\n<p>[\/et_pb_text][\/et_pb_column][\/et_pb_row][\/et_pb_section]<\/p>\n","protected":false},"excerpt":{"rendered":"<p>La\u00a0laparoscopia\u00a0es la alternativa m\u00ednimamente invasiva a la cirug\u00eda abierta convencional en la que se utiliza una peque\u00f1a c\u00e1mara llamada laparoscopio para ver dentro del abdomen. Se realiza a trav\u00e9s de peque\u00f1os orificios en la cavidad abdominal. Una m\u00ednima incisi\u00f3n, en un pliegue longitudinal del ombligo, permite la introducci\u00f3n del endoscopio con una micro-c\u00e1mara adosada, que [&hellip;]<\/p>\n","protected":false},"author":1,"featured_media":0,"parent":0,"menu_order":0,"comment_status":"closed","ping_status":"closed","template":"","meta":{"_et_pb_use_builder":"on","_et_pb_old_content":"","_et_gb_content_width":"","footnotes":""},"class_list":["post-179","page","type-page","status-publish","hentry"],"_links":{"self":[{"href":"https:\/\/cirgastro.com\/index.php\/wp-json\/wp\/v2\/pages\/179"}],"collection":[{"href":"https:\/\/cirgastro.com\/index.php\/wp-json\/wp\/v2\/pages"}],"about":[{"href":"https:\/\/cirgastro.com\/index.php\/wp-json\/wp\/v2\/types\/page"}],"author":[{"embeddable":true,"href":"https:\/\/cirgastro.com\/index.php\/wp-json\/wp\/v2\/users\/1"}],"replies":[{"embeddable":true,"href":"https:\/\/cirgastro.com\/index.php\/wp-json\/wp\/v2\/comments?post=179"}],"version-history":[{"count":9,"href":"https:\/\/cirgastro.com\/index.php\/wp-json\/wp\/v2\/pages\/179\/revisions"}],"predecessor-version":[{"id":484,"href":"https:\/\/cirgastro.com\/index.php\/wp-json\/wp\/v2\/pages\/179\/revisions\/484"}],"wp:attachment":[{"href":"https:\/\/cirgastro.com\/index.php\/wp-json\/wp\/v2\/media?parent=179"}],"curies":[{"name":"wp","href":"https:\/\/api.w.org\/{rel}","templated":true}]}}